{"id":10305,"date":"2021-08-03T23:34:58","date_gmt":"2021-08-03T21:34:58","guid":{"rendered":"https:\/\/www.fotofestivallenzburg.ch\/produkt\/schauarchive\/"},"modified":"2021-08-09T16:36:33","modified_gmt":"2021-08-09T14:36:33","slug":"show-archives","status":"publish","type":"product","link":"https:\/\/2021.fotofestivallenzburg.ch\/en\/produkt\/show-archives\/","title":{"rendered":"Workshop Show Archives: \u201eThe Archive in Art: From Fascination to Strategy\u201d."},"content":{"rendered":"<h3>Workshop Show Archives: \u201eThe Archive in Art: From Fascination to Strategy\u201d.<br \/>\n<strong>with Naomi Tereza Salmon, photographer and lecturer<\/strong><\/h3>\n<p>Sunday, October 3, 9.30 a.m. \u2013 12.30 p.m.<\/p>\n<p>Venue:\u00a0City Museum Aarau<\/p>\n<p>Price: CHF 120.\u2013<\/p>\n<p>Ein Archiv ist mehr als nur Depot. \u00dcber Systematik und Funktionalit\u00e4t tr\u00e4gt es auch einen \u00e4sthetischen Wert, deren Form als eine faszinierende Aussagefl\u00e4che f\u00fcr manche K\u00fcnstler dient. Im Workshop werden Ein Blick in das Aarau Archive erm\u00f6glicht, eine Studie \u00fcber die Wandlung der Bild von den Archiven in der Kunst, in der Wandlung von analog zum Digitalen pr\u00e4sentiert, sowie Tipps &amp; Tricks zu Bewahrung von eigenen Materialien an die Teilnehmer des Workshops gegeben.<\/p>\n<p>&nbsp;<\/p>\n<hr \/>\n<h3>Dr. Naomi T. Salmon,<br \/>\n<strong>photographer and lecturer<\/strong><\/h3>\n<p>Diplom der Photographie am Hadassah-College, Jerusalem. MFA Studium \u201eKunst im \u00f6ffentlichen Raum und neue k\u00fcnstlerische Strategien\u201c und Promotionsstudiengang Kunst und Design \/ Freie Kunst \/ Medienkunst an der Bauhaus-Universit\u00e4t Weimar.<\/p>\n<p>Teilnahme an zahlreichen Ausstellungen und Wettbewerben in Europa, Israel USA und Japan. Salmon Kombiniert in ihrer Arbeit Fotografie, Video und Ton-Installationen, sowie computerbasierte Bildsequenzen. Arbeitet als freischaffende Fotografin, Kuratorin und Beraterin. Lebt und arbeitet in Z\u00fcrich.<\/p>\n<p>&nbsp;<\/p>\n<p>&nbsp;<\/p>\n","protected":false},"excerpt":{"rendered":"<p>Workshop Show Archives: \u201eThe Archive in Art: From Fascination to Strategy\u201d. with Naomi Tereza Salmon, photographer and lecturer Sunday, October 3, 9.30 a.m. \u2013 12.30 p.m. Venue:\u00a0City Museum Aarau Price:&#8230;<\/p>\n","protected":false},"featured_media":10013,"template":"","meta":[],"product_cat":[77],"product_tag":[],"_links":{"self":[{"href":"https:\/\/2021.fotofestivallenzburg.ch\/en\/wp-json\/wp\/v2\/product\/10305"}],"collection":[{"href":"https:\/\/2021.fotofestivallenzburg.ch\/en\/wp-json\/wp\/v2\/product"}],"about":[{"href":"https:\/\/2021.fotofestivallenzburg.ch\/en\/wp-json\/wp\/v2\/types\/product"}],"wp:featuredmedia":[{"embeddable":true,"href":"https:\/\/2021.fotofestivallenzburg.ch\/en\/wp-json\/wp\/v2\/media\/10013"}],"wp:attachment":[{"href":"https:\/\/2021.fotofestivallenzburg.ch\/en\/wp-json\/wp\/v2\/media?parent=10305"}],"wp:term":[{"taxonomy":"product_cat","embeddable":true,"href":"https:\/\/2021.fotofestivallenzburg.ch\/en\/wp-json\/wp\/v2\/product_cat?post=10305"},{"taxonomy":"product_tag","embeddable":true,"href":"https:\/\/2021.fotofestivallenzburg.ch\/en\/wp-json\/wp\/v2\/product_tag?post=10305"}],"curies":[{"name":"wp","href":"https:\/\/api.w.org\/{rel}","templated":true}]}}